
{"id":21,"date":"2025-04-04T10:14:02","date_gmt":"2025-04-04T08:14:02","guid":{"rendered":"https:\/\/ecole-des-grands.fr\/belleville\/manger\/"},"modified":"2026-03-23T10:11:30","modified_gmt":"2026-03-23T09:11:30","slug":"manger","status":"publish","type":"page","link":"https:\/\/ecole-des-grands.fr\/belleville\/manger\/","title":{"rendered":"Manger"},"content":{"rendered":"\n<figure class=\"wp-block-image size-large\"><img loading=\"lazy\" decoding=\"async\" width=\"1024\" height=\"538\" src=\"https:\/\/ecole-des-grands.fr\/belleville\/wp-content\/uploads\/sites\/8\/2025\/11\/2-1024x538.jpg\" alt=\"\" class=\"wp-image-1125\" srcset=\"https:\/\/ecole-des-grands.fr\/belleville\/wp-content\/uploads\/sites\/8\/2025\/11\/2-1024x538.jpg 1024w, https:\/\/ecole-des-grands.fr\/belleville\/wp-content\/uploads\/sites\/8\/2025\/11\/2-300x158.jpg 300w, https:\/\/ecole-des-grands.fr\/belleville\/wp-content\/uploads\/sites\/8\/2025\/11\/2-768x403.jpg 768w, https:\/\/ecole-des-grands.fr\/belleville\/wp-content\/uploads\/sites\/8\/2025\/11\/2-1536x806.jpg 1536w, https:\/\/ecole-des-grands.fr\/belleville\/wp-content\/uploads\/sites\/8\/2025\/11\/2-856x450.jpg 856w, https:\/\/ecole-des-grands.fr\/belleville\/wp-content\/uploads\/sites\/8\/2025\/11\/2-425x223.jpg 425w, https:\/\/ecole-des-grands.fr\/belleville\/wp-content\/uploads\/sites\/8\/2025\/11\/2-648x340.jpg 648w, https:\/\/ecole-des-grands.fr\/belleville\/wp-content\/uploads\/sites\/8\/2025\/11\/2-1427x750.jpg 1427w, https:\/\/ecole-des-grands.fr\/belleville\/wp-content\/uploads\/sites\/8\/2025\/11\/2.jpg 1600w\" sizes=\"auto, (max-width: 1024px) 100vw, 1024px\" \/><\/figure>\n\n\n\t<div id=\"accordeon-block_825debe9301a35932b6e09a5a6793b6f-4098\" class=\"my-espace block-accordion\">\n\t\t\n\t\t\t\t\t\n\t\t\t<div class=\"accordion-item mb-4 border py-4\"> \n\t\t\t\t<div class=\"col-lg-10 offset-lg-1\">\n\t\t\t\t\t<h3 class=\"accordion-header mb-0\" id=\"accordeon-block_825debe9301a35932b6e09a5a6793b6f-4098heading1\">\n\t\t\t\t\t\t<button class=\"accordion-button collapsed fw-900 ft-22 lh-27 py-0\" type=\"button\" data-bs-toggle=\"collapse\" data-bs-target=\"#accordeon-block_825debe9301a35932b6e09a5a6793b6f-4098collapse1\" aria-expanded=\"true\" aria-controls=\"accordeon-block_825debe9301a35932b6e09a5a6793b6f-4098collapse1\">\n\t\t\t\t\t\t\tMANGER\t\t\t\t\t\t<\/button>\n\t\t\t\t\t<\/h3>\n\t\t\t\t\t<div id=\"accordeon-block_825debe9301a35932b6e09a5a6793b6f-4098collapse1\" class=\"accordion-collapse collapse col-10\" aria-labelledby=\"accordeon-block_825debe9301a35932b6e09a5a6793b6f-4098heading1\" data-bs-parent=\"#accordeon-block_825debe9301a35932b6e09a5a6793b6f-4098\">\n\t\t\t\t\t\t<p><a href=\"https:\/\/ecole-des-grands.fr\/belleville\/wp-content\/uploads\/sites\/8\/2026\/03\/Bel-2526-hiver-CARTE-MANGER-3.pdf\">Carte complete<\/a><\/p>\n<p><strong>SOMMAIRE :<\/strong><\/p>\n<p><a href=\"https:\/\/ecole-des-grands.fr\/belleville\/wp-content\/uploads\/sites\/8\/2026\/03\/Les-menus-du-midi.pdf\">Les menus du midi<\/a><\/p>\n<p><a href=\"https:\/\/ecole-des-grands.fr\/belleville\/wp-content\/uploads\/sites\/8\/2025\/11\/Entrees-simples-ou-a-partager.pdf\">Les entr\u00e9es simples ou \u00e0 partager<\/a><\/p>\n<p><a href=\"https:\/\/ecole-des-grands.fr\/belleville\/wp-content\/uploads\/sites\/8\/2025\/11\/les-plats-3.pdf\">Les plats<\/a><\/p>\n<p><a href=\"https:\/\/ecole-des-grands.fr\/belleville\/wp-content\/uploads\/sites\/8\/2026\/03\/Les-pinsas_merged-1.pdf\">Les pinsas<\/a><\/p>\n<p><a href=\"https:\/\/ecole-des-grands.fr\/belleville\/wp-content\/uploads\/sites\/8\/2026\/03\/les-burgers-BLV_merged.pdf\">Les burgers<\/a><\/p>\n<p><a href=\"https:\/\/ecole-des-grands.fr\/belleville\/wp-content\/uploads\/sites\/8\/2025\/11\/Les-palnches-blv.pdf\">Les planches \u00e0 partager<\/a><\/p>\n<p><a href=\"https:\/\/ecole-des-grands.fr\/belleville\/wp-content\/uploads\/sites\/8\/2026\/01\/dessert-BLV-hiver-2025-2026.pdf\">Les desserts \u00e0 partager ou pas !<\/a><\/p>\n \n\t\t\t\t\t<\/div>\t\n\t\t\t\t<\/div>\n\t\t\t<\/div>\n\n\t\t\t<\/div>\n\n\n\n\n\n<hr class=\"wp-block-separator has-alpha-channel-opacity\"\/>\n\n\n\n<h2 class=\"wp-block-heading\"><strong>Une cuisine qui r\u00e9veille l\u2019app\u00e9tit\u2026 et les souvenirs<\/strong><\/h2>\n\n\n\n<p>\u00c0 L\u2019\u00c9cole des Grands Belleville, chaque repas a une mission : rassembler les gens autour de bons plats, dans une ambiance aussi gourmande que festive. Nos assiettes s\u2019inspirent de la cantine d\u2019autrefois, revisit\u00e9es avec modernit\u00e9, g\u00e9n\u00e9rosit\u00e9 et surtout beaucoup d\u2019amour.<\/p>\n\n\n\n<p>Le tout est pr\u00e9par\u00e9 dans nos cuisines, avec d\u00e9licatesse et une touche d\u2019audace dans les assaisonnements. Ici, le partage est dans l\u2019assiette autant que sur les tables.<\/p>\n\n\n\n<h2 class=\"wp-block-heading\"><strong>Le midi, une cantine revisit\u00e9e pour Belleville<\/strong><\/h2>\n\n\n\n<p>Le service du midi, c\u2019est notre Cantine des Grands. Une ambiance d\u00e9contract\u00e9e, un service au chariot comme \u00e0 l\u2019\u00e9cole, une dame de cantine qui r\u00e9gale\u2026 et des plats qui r\u00e9confortent.<\/p>\n\n\n\n<p>C\u2019est le spot parfait pour un d\u00e9jeuner rapide, savoureux et convivial, que vous soyez en pause boulot ou en sortie entre amis. Les grandes tabl\u00e9es favorisent les \u00e9changes, et la bonne humeur est servie \u00e0 volont\u00e9.<\/p>\n\n\n\n<h2 class=\"wp-block-heading\"><strong>Le soir, on se r\u00e9gale en musique<\/strong><\/h2>\n\n\n\n<p>Quand le soleil se couche, la cuisine reste allum\u00e9e\u2026 et l\u2019ambiance monte. Le r\u00e9fectoire du soir s\u2019accompagne d\u2019animations festives, de musiques entra\u00eenantes, et de plats \u00e0 partager qui font le lien entre les convives.<\/p>\n\n\n\n<p>Ici, on ne parle pas que de menu : on parle de souvenirs en train de se cr\u00e9er, de convivialit\u00e9, d\u2019assiettes qui rassemblent et de rires qui remplissent la salle.<\/p>\n\n\n\n<p>R\u00e9servez votre table \u00e0 Belleville et venez go\u00fbter \u00e0 la cuisine de la f\u00eate.<\/p>\n\n\n\n<p>Parce qu\u2019\u00e0 L\u2019\u00c9cole des Grands Belleville\u2026 on ne vient pas juste manger. On partage.<\/p>\n\n\n\n<p><strong>Vous n\u2019\u00eates pas dans un restaurant, vous \u00eates \u00e0 L\u2019Ecole des grands&nbsp;!<\/strong><\/p>\n","protected":false},"excerpt":{"rendered":"","protected":false},"author":2,"featured_media":386,"parent":0,"menu_order":0,"comment_status":"closed","ping_status":"closed","template":"template-carte.php","meta":{"_acf_changed":false,"footnotes":""},"class_list":["post-21","page","type-page","status-publish","has-post-thumbnail","hentry"],"acf":[],"yoast_head":"<!-- This site is optimized with the Yoast SEO plugin v27.3 - https:\/\/yoast.com\/product\/yoast-seo-wordpress\/ -->\n<title>Manger - L&#039;\u00e9cole des grands Ecole des Grands - Belleville<\/title>\n<meta name=\"description\" content=\"D\u00e9couvrez la cuisine de L\u2019\u00c9cole des Grands Belleville : plats gourmands, esprit cantine, repas \u00e0 partager et ambiance chaleureuse. Id\u00e9al pour les groupes et les bons vivants.\" \/>\n<meta name=\"robots\" content=\"index, follow, max-snippet:-1, max-image-preview:large, max-video-preview:-1\" \/>\n<link rel=\"canonical\" href=\"https:\/\/ecole-des-grands.fr\/belleville\/manger\/\" \/>\n<meta property=\"og:locale\" content=\"fr_FR\" \/>\n<meta property=\"og:type\" content=\"article\" \/>\n<meta property=\"og:title\" content=\"Manger - L&#039;\u00e9cole des grands Ecole des Grands - Belleville\" \/>\n<meta property=\"og:description\" content=\"D\u00e9couvrez la cuisine de L\u2019\u00c9cole des Grands Belleville : plats gourmands, esprit cantine, repas \u00e0 partager et ambiance chaleureuse. Id\u00e9al pour les groupes et les bons vivants.\" \/>\n<meta property=\"og:url\" content=\"https:\/\/ecole-des-grands.fr\/belleville\/manger\/\" \/>\n<meta property=\"og:site_name\" content=\"Ecole des Grands - Belleville\" \/>\n<meta property=\"article:publisher\" content=\"https:\/\/www.facebook.com\/profile.php?id=61573988055922\" \/>\n<meta property=\"article:modified_time\" content=\"2026-03-23T09:11:30+00:00\" \/>\n<meta property=\"og:image\" content=\"https:\/\/ecole-des-grands.fr\/belleville\/wp-content\/uploads\/sites\/8\/2025\/06\/LDG-23-683x1024.png\" \/>\n\t<meta property=\"og:image:width\" content=\"683\" \/>\n\t<meta property=\"og:image:height\" content=\"1024\" \/>\n\t<meta property=\"og:image:type\" content=\"image\/png\" \/>\n<meta name=\"twitter:card\" content=\"summary_large_image\" \/>\n<meta name=\"twitter:label1\" content=\"Dur\u00e9e de lecture estim\u00e9e\" \/>\n\t<meta name=\"twitter:data1\" content=\"2 minutes\" \/>\n<script type=\"application\/ld+json\" class=\"yoast-schema-graph\">{\"@context\":\"https:\\\/\\\/schema.org\",\"@graph\":[{\"@type\":\"WebPage\",\"@id\":\"https:\\\/\\\/ecole-des-grands.fr\\\/belleville\\\/manger\\\/\",\"url\":\"https:\\\/\\\/ecole-des-grands.fr\\\/belleville\\\/manger\\\/\",\"name\":\"Manger - L'\u00e9cole des grands Ecole des Grands - Belleville\",\"isPartOf\":{\"@id\":\"https:\\\/\\\/ecole-des-grands.fr\\\/belleville\\\/#website\"},\"primaryImageOfPage\":{\"@id\":\"https:\\\/\\\/ecole-des-grands.fr\\\/belleville\\\/manger\\\/#primaryimage\"},\"image\":{\"@id\":\"https:\\\/\\\/ecole-des-grands.fr\\\/belleville\\\/manger\\\/#primaryimage\"},\"thumbnailUrl\":\"https:\\\/\\\/ecole-des-grands.fr\\\/belleville\\\/wp-content\\\/uploads\\\/sites\\\/8\\\/2025\\\/06\\\/LDG-23-scaled.png\",\"datePublished\":\"2025-04-04T08:14:02+00:00\",\"dateModified\":\"2026-03-23T09:11:30+00:00\",\"description\":\"D\u00e9couvrez la cuisine de L\u2019\u00c9cole des Grands Belleville : plats gourmands, esprit cantine, repas \u00e0 partager et ambiance chaleureuse. Id\u00e9al pour les groupes et les bons vivants.\",\"breadcrumb\":{\"@id\":\"https:\\\/\\\/ecole-des-grands.fr\\\/belleville\\\/manger\\\/#breadcrumb\"},\"inLanguage\":\"fr-FR\",\"potentialAction\":[{\"@type\":\"ReadAction\",\"target\":[\"https:\\\/\\\/ecole-des-grands.fr\\\/belleville\\\/manger\\\/\"]}]},{\"@type\":\"ImageObject\",\"inLanguage\":\"fr-FR\",\"@id\":\"https:\\\/\\\/ecole-des-grands.fr\\\/belleville\\\/manger\\\/#primaryimage\",\"url\":\"https:\\\/\\\/ecole-des-grands.fr\\\/belleville\\\/wp-content\\\/uploads\\\/sites\\\/8\\\/2025\\\/06\\\/LDG-23-scaled.png\",\"contentUrl\":\"https:\\\/\\\/ecole-des-grands.fr\\\/belleville\\\/wp-content\\\/uploads\\\/sites\\\/8\\\/2025\\\/06\\\/LDG-23-scaled.png\",\"width\":1707,\"height\":2560},{\"@type\":\"BreadcrumbList\",\"@id\":\"https:\\\/\\\/ecole-des-grands.fr\\\/belleville\\\/manger\\\/#breadcrumb\",\"itemListElement\":[{\"@type\":\"ListItem\",\"position\":1,\"name\":\"Accueil\",\"item\":\"https:\\\/\\\/ecole-des-grands.fr\\\/belleville\\\/\"},{\"@type\":\"ListItem\",\"position\":2,\"name\":\"Manger\"}]},{\"@type\":\"WebSite\",\"@id\":\"https:\\\/\\\/ecole-des-grands.fr\\\/belleville\\\/#website\",\"url\":\"https:\\\/\\\/ecole-des-grands.fr\\\/belleville\\\/\",\"name\":\"Ecole des Grands - Belleville\",\"description\":\"La plus belle \u00e9cole de  Belleville\",\"potentialAction\":[{\"@type\":\"SearchAction\",\"target\":{\"@type\":\"EntryPoint\",\"urlTemplate\":\"https:\\\/\\\/ecole-des-grands.fr\\\/belleville\\\/?s={search_term_string}\"},\"query-input\":{\"@type\":\"PropertyValueSpecification\",\"valueRequired\":true,\"valueName\":\"search_term_string\"}}],\"inLanguage\":\"fr-FR\"}]}<\/script>\n<!-- \/ Yoast SEO plugin. -->","yoast_head_json":{"title":"Manger - L'\u00e9cole des grands Ecole des Grands - Belleville","description":"D\u00e9couvrez la cuisine de L\u2019\u00c9cole des Grands Belleville : plats gourmands, esprit cantine, repas \u00e0 partager et ambiance chaleureuse. Id\u00e9al pour les groupes et les bons vivants.","robots":{"index":"index","follow":"follow","max-snippet":"max-snippet:-1","max-image-preview":"max-image-preview:large","max-video-preview":"max-video-preview:-1"},"canonical":"https:\/\/ecole-des-grands.fr\/belleville\/manger\/","og_locale":"fr_FR","og_type":"article","og_title":"Manger - L'\u00e9cole des grands Ecole des Grands - Belleville","og_description":"D\u00e9couvrez la cuisine de L\u2019\u00c9cole des Grands Belleville : plats gourmands, esprit cantine, repas \u00e0 partager et ambiance chaleureuse. Id\u00e9al pour les groupes et les bons vivants.","og_url":"https:\/\/ecole-des-grands.fr\/belleville\/manger\/","og_site_name":"Ecole des Grands - Belleville","article_publisher":"https:\/\/www.facebook.com\/profile.php?id=61573988055922","article_modified_time":"2026-03-23T09:11:30+00:00","og_image":[{"width":683,"height":1024,"url":"https:\/\/ecole-des-grands.fr\/belleville\/wp-content\/uploads\/sites\/8\/2025\/06\/LDG-23-683x1024.png","type":"image\/png"}],"twitter_card":"summary_large_image","twitter_misc":{"Dur\u00e9e de lecture estim\u00e9e":"2 minutes"},"schema":{"@context":"https:\/\/schema.org","@graph":[{"@type":"WebPage","@id":"https:\/\/ecole-des-grands.fr\/belleville\/manger\/","url":"https:\/\/ecole-des-grands.fr\/belleville\/manger\/","name":"Manger - L'\u00e9cole des grands Ecole des Grands - Belleville","isPartOf":{"@id":"https:\/\/ecole-des-grands.fr\/belleville\/#website"},"primaryImageOfPage":{"@id":"https:\/\/ecole-des-grands.fr\/belleville\/manger\/#primaryimage"},"image":{"@id":"https:\/\/ecole-des-grands.fr\/belleville\/manger\/#primaryimage"},"thumbnailUrl":"https:\/\/ecole-des-grands.fr\/belleville\/wp-content\/uploads\/sites\/8\/2025\/06\/LDG-23-scaled.png","datePublished":"2025-04-04T08:14:02+00:00","dateModified":"2026-03-23T09:11:30+00:00","description":"D\u00e9couvrez la cuisine de L\u2019\u00c9cole des Grands Belleville : plats gourmands, esprit cantine, repas \u00e0 partager et ambiance chaleureuse. Id\u00e9al pour les groupes et les bons vivants.","breadcrumb":{"@id":"https:\/\/ecole-des-grands.fr\/belleville\/manger\/#breadcrumb"},"inLanguage":"fr-FR","potentialAction":[{"@type":"ReadAction","target":["https:\/\/ecole-des-grands.fr\/belleville\/manger\/"]}]},{"@type":"ImageObject","inLanguage":"fr-FR","@id":"https:\/\/ecole-des-grands.fr\/belleville\/manger\/#primaryimage","url":"https:\/\/ecole-des-grands.fr\/belleville\/wp-content\/uploads\/sites\/8\/2025\/06\/LDG-23-scaled.png","contentUrl":"https:\/\/ecole-des-grands.fr\/belleville\/wp-content\/uploads\/sites\/8\/2025\/06\/LDG-23-scaled.png","width":1707,"height":2560},{"@type":"BreadcrumbList","@id":"https:\/\/ecole-des-grands.fr\/belleville\/manger\/#breadcrumb","itemListElement":[{"@type":"ListItem","position":1,"name":"Accueil","item":"https:\/\/ecole-des-grands.fr\/belleville\/"},{"@type":"ListItem","position":2,"name":"Manger"}]},{"@type":"WebSite","@id":"https:\/\/ecole-des-grands.fr\/belleville\/#website","url":"https:\/\/ecole-des-grands.fr\/belleville\/","name":"Ecole des Grands - Belleville","description":"La plus belle \u00e9cole de  Belleville","potentialAction":[{"@type":"SearchAction","target":{"@type":"EntryPoint","urlTemplate":"https:\/\/ecole-des-grands.fr\/belleville\/?s={search_term_string}"},"query-input":{"@type":"PropertyValueSpecification","valueRequired":true,"valueName":"search_term_string"}}],"inLanguage":"fr-FR"}]}},"_links":{"self":[{"href":"https:\/\/ecole-des-grands.fr\/belleville\/wp-json\/wp\/v2\/pages\/21","targetHints":{"allow":["GET"]}}],"collection":[{"href":"https:\/\/ecole-des-grands.fr\/belleville\/wp-json\/wp\/v2\/pages"}],"about":[{"href":"https:\/\/ecole-des-grands.fr\/belleville\/wp-json\/wp\/v2\/types\/page"}],"author":[{"embeddable":true,"href":"https:\/\/ecole-des-grands.fr\/belleville\/wp-json\/wp\/v2\/users\/2"}],"replies":[{"embeddable":true,"href":"https:\/\/ecole-des-grands.fr\/belleville\/wp-json\/wp\/v2\/comments?post=21"}],"version-history":[{"count":36,"href":"https:\/\/ecole-des-grands.fr\/belleville\/wp-json\/wp\/v2\/pages\/21\/revisions"}],"predecessor-version":[{"id":2292,"href":"https:\/\/ecole-des-grands.fr\/belleville\/wp-json\/wp\/v2\/pages\/21\/revisions\/2292"}],"wp:featuredmedia":[{"embeddable":true,"href":"https:\/\/ecole-des-grands.fr\/belleville\/wp-json\/wp\/v2\/media\/386"}],"wp:attachment":[{"href":"https:\/\/ecole-des-grands.fr\/belleville\/wp-json\/wp\/v2\/media?parent=21"}],"curies":[{"name":"wp","href":"https:\/\/api.w.org\/{rel}","templated":true}]}}