
{"id":22,"date":"2025-04-04T10:14:02","date_gmt":"2025-04-04T08:14:02","guid":{"rendered":"https:\/\/ecole-des-grands.fr\/belleville\/trinquer\/"},"modified":"2026-02-04T13:14:57","modified_gmt":"2026-02-04T12:14:57","slug":"trinquer","status":"publish","type":"page","link":"https:\/\/ecole-des-grands.fr\/belleville\/trinquer\/","title":{"rendered":"Trinquez \u00e0 Belleville !"},"content":{"rendered":"\n<figure class=\"wp-block-image size-large\"><img loading=\"lazy\" decoding=\"async\" width=\"1024\" height=\"538\" src=\"https:\/\/ecole-des-grands.fr\/belleville\/wp-content\/uploads\/sites\/8\/2025\/11\/3-1024x538.jpg\" alt=\"\" class=\"wp-image-1133\" srcset=\"https:\/\/ecole-des-grands.fr\/belleville\/wp-content\/uploads\/sites\/8\/2025\/11\/3-1024x538.jpg 1024w, https:\/\/ecole-des-grands.fr\/belleville\/wp-content\/uploads\/sites\/8\/2025\/11\/3-300x158.jpg 300w, https:\/\/ecole-des-grands.fr\/belleville\/wp-content\/uploads\/sites\/8\/2025\/11\/3-768x403.jpg 768w, https:\/\/ecole-des-grands.fr\/belleville\/wp-content\/uploads\/sites\/8\/2025\/11\/3-1536x806.jpg 1536w, https:\/\/ecole-des-grands.fr\/belleville\/wp-content\/uploads\/sites\/8\/2025\/11\/3-856x450.jpg 856w, https:\/\/ecole-des-grands.fr\/belleville\/wp-content\/uploads\/sites\/8\/2025\/11\/3-425x223.jpg 425w, https:\/\/ecole-des-grands.fr\/belleville\/wp-content\/uploads\/sites\/8\/2025\/11\/3-648x340.jpg 648w, https:\/\/ecole-des-grands.fr\/belleville\/wp-content\/uploads\/sites\/8\/2025\/11\/3-1427x750.jpg 1427w, https:\/\/ecole-des-grands.fr\/belleville\/wp-content\/uploads\/sites\/8\/2025\/11\/3.jpg 1600w\" sizes=\"auto, (max-width: 1024px) 100vw, 1024px\" \/><\/figure>\n\n\n\t<div id=\"accordeon-block_0658f9382cc9c820105019dcede2beb0-5848\" class=\"my-espace block-accordion\">\n\t\t\n\t\t\t\t\t\n\t\t\t<div class=\"accordion-item mb-4 border py-4\"> \n\t\t\t\t<div class=\"col-lg-10 offset-lg-1\">\n\t\t\t\t\t<h3 class=\"accordion-header mb-0\" id=\"accordeon-block_0658f9382cc9c820105019dcede2beb0-5848heading1\">\n\t\t\t\t\t\t<button class=\"accordion-button collapsed fw-900 ft-22 lh-27 py-0\" type=\"button\" data-bs-toggle=\"collapse\" data-bs-target=\"#accordeon-block_0658f9382cc9c820105019dcede2beb0-5848collapse1\" aria-expanded=\"true\" aria-controls=\"accordeon-block_0658f9382cc9c820105019dcede2beb0-5848collapse1\">\n\t\t\t\t\t\t\tTRINQUER\t\t\t\t\t\t<\/button>\n\t\t\t\t\t<\/h3>\n\t\t\t\t\t<div id=\"accordeon-block_0658f9382cc9c820105019dcede2beb0-5848collapse1\" class=\"accordion-collapse collapse col-10\" aria-labelledby=\"accordeon-block_0658f9382cc9c820105019dcede2beb0-5848heading1\" data-bs-parent=\"#accordeon-block_0658f9382cc9c820105019dcede2beb0-5848\">\n\t\t\t\t\t\t<p><a href=\"https:\/\/ecole-des-grands.fr\/belleville\/wp-content\/uploads\/sites\/8\/2025\/12\/BLV-BOISSONS-OCT-25.pdf\">Carte complete<\/a><\/p>\n<p><strong>SOMMAIRE :\u00a0<\/strong><\/p>\n<p><a href=\"https:\/\/ecole-des-grands.fr\/belleville\/wp-content\/uploads\/sites\/8\/2025\/11\/Bieres.pdf\">Happy hours (de 17h \u00e0 19h)<\/a><\/p>\n<p><a href=\"https:\/\/ecole-des-grands.fr\/belleville\/wp-content\/uploads\/sites\/8\/2025\/12\/Bieres.pdf\">Les bi\u00e8res<\/a><\/p>\n<p><a href=\"https:\/\/ecole-des-grands.fr\/belleville\/wp-content\/uploads\/sites\/8\/2025\/11\/Cocktails-blv.pdf\">Le labo des cocktails<\/a><\/p>\n<p><a href=\"https:\/\/ecole-des-grands.fr\/belleville\/wp-content\/uploads\/sites\/8\/2025\/11\/Shooters-et-rhums-1.pdf\">Shooters &amp; Rhums arrang\u00e9s<\/a><\/p>\n<p><a href=\"https:\/\/ecole-des-grands.fr\/belleville\/wp-content\/uploads\/sites\/8\/2025\/11\/Aperitif.pdf\">Ap\u00e9ritifs &amp; Digestifs<\/a><\/p>\n<p><a href=\"https:\/\/ecole-des-grands.fr\/belleville\/wp-content\/uploads\/sites\/8\/2025\/11\/alcools-forts.pdf\">Alcools forts<\/a><\/p>\n<p><a href=\"https:\/\/ecole-des-grands.fr\/belleville\/wp-content\/uploads\/sites\/8\/2025\/11\/boissons-chaudes-froides.pdf\">Boissons froides \/ Chaudes<\/a><\/p>\n<p><a href=\"https:\/\/ecole-des-grands.fr\/belleville\/wp-content\/uploads\/sites\/8\/2025\/11\/La-cave-a-vin.pdf\">La cave (vins &amp; bulles)<\/a><\/p>\n \n\t\t\t\t\t<\/div>\t\n\t\t\t\t<\/div>\n\t\t\t<\/div>\n\n\t\t\t<\/div>\n\n\n\n\n\n<hr class=\"wp-block-separator has-alpha-channel-opacity\"\/>\n\n\n\n<h2 class=\"wp-block-heading\"><strong>Le bar qui donne le ton d\u00e8s le premier verre<\/strong><\/h2>\n\n\n\n<p>\u00c0 Belleville, on ne fait pas les choses \u00e0 moiti\u00e9 : ici, <strong>l\u2019ap\u00e9ro est une vraie institution<\/strong>. Le grand bar de L\u2019\u00c9cole des Grands est le point de d\u00e9part de toutes les soir\u00e9es r\u00e9ussies, un lieu o\u00f9 l\u2019on se retrouve, on partage, on se regroupe.<\/p>\n\n\n\n<p>Entre coll\u00e8gues, amis ou en famille, chaque toast devient une parenth\u00e8se festive.<br><strong>Cocktails, bi\u00e8res fra\u00eeches, vins de la r\u00e9gion, softs<\/strong>\u2026 il y en a pour tous les go\u00fbts et toutes les ambiances.<\/p>\n\n\n\n<h2 class=\"wp-block-heading\"><strong>Une carte qui dynamise la soir\u00e9e<\/strong><\/h2>\n\n\n\n<ul class=\"wp-block-list\">\n<li>Cocktails pr\u00e9par\u00e9s sous vos yeux<\/li>\n\n\n\n<li>S\u00e9lection de vins du Beaujolais et coups de c\u0153ur du moment<\/li>\n\n\n\n<li>Pressions locales et boissons sans alcool pleines de pep\u2019s<\/li>\n<\/ul>\n\n\n\n<p>Notre grand bar \u00e0 L\u2019Ecole des grands Belleville est un lieu de rencontre, <strong>o\u00f9 l\u2019ambiance se cr\u00e9e d\u00e8s le comptoir<\/strong>. D\u00e8s l\u2019afterwork, la magie op\u00e8re : les discussions se m\u00ealent aux \u00e9clats de rire et aux premi\u00e8res notes de musique.<\/p>\n\n\n\n<h2 class=\"wp-block-heading\"><strong>Un d\u00e9but de soir\u00e9e qui vous emm\u00e8ne loin<\/strong><\/h2>\n\n\n\n<p>Chez nous, <strong>la f\u00eate commence d\u00e8s le premier verre<\/strong>, pas besoin d\u2019attendre minuit. L\u2019\u00e9nergie est l\u00e0, la lumi\u00e8re s\u2019adoucit, la musique s\u2019invite discr\u00e8tement\u2026 et l\u2019ambiance monte naturellement.<\/p>\n\n\n\n<p>Le grand bar devient le c\u0153ur de la soir\u00e9e. C\u2019est ici que les groupes se forment, que les amiti\u00e9s naissent, que les souvenirs commencent.<br><strong><br>R\u00e9servez votre soir\u00e9e \u00e0 Belleville et commencez par un bon verre\u2026 ou deux.<\/strong><\/p>\n\n\n\n<p>Parce qu\u2019\u00e0 L\u2019\u00c9cole des Grands Belleville\u2026 <strong>on ne boit pas juste. On trinque.<\/strong><\/p>\n\n\n\n<p><strong>Vous n\u2019\u00eates pas dans un restaurant, vous \u00eates \u00e0 L\u2019Ecole des grands&nbsp;!<\/strong><\/p>\n\n\n\n<div class=\"wp-block-file\">\r\n                <a href=\"#\">T\u00e9l\u00e9charger le fichier<\/a>\r\n            <\/div>\n\n\n\n<p><\/p>\n","protected":false},"excerpt":{"rendered":"","protected":false},"author":2,"featured_media":1863,"parent":0,"menu_order":0,"comment_status":"closed","ping_status":"closed","template":"","meta":{"_acf_changed":false,"footnotes":""},"class_list":["post-22","page","type-page","status-publish","has-post-thumbnail","hentry"],"acf":[],"yoast_head":"<!-- This site is optimized with the Yoast SEO plugin v27.3 - https:\/\/yoast.com\/product\/yoast-seo-wordpress\/ -->\n<title>Trinquez \u00e0 Belleville ! - Ecole des Grands - Belleville<\/title>\n<meta name=\"description\" content=\"L\u2019\u00c9cole des Grands Belleville est un lieu de retrouvailles festives : cocktails maison, vins du Beaujolais et ambiance musicale d\u00e8s l\u2019ap\u00e9ro. Sant\u00e9 !\" \/>\n<meta name=\"robots\" content=\"index, follow, max-snippet:-1, max-image-preview:large, max-video-preview:-1\" \/>\n<link rel=\"canonical\" href=\"https:\/\/ecole-des-grands.fr\/belleville\/trinquer\/\" \/>\n<meta property=\"og:locale\" content=\"fr_FR\" \/>\n<meta property=\"og:type\" content=\"article\" \/>\n<meta property=\"og:title\" content=\"Trinquez \u00e0 Belleville ! - Ecole des Grands - Belleville\" \/>\n<meta property=\"og:description\" content=\"L\u2019\u00c9cole des Grands Belleville est un lieu de retrouvailles festives : cocktails maison, vins du Beaujolais et ambiance musicale d\u00e8s l\u2019ap\u00e9ro. Sant\u00e9 !\" \/>\n<meta property=\"og:url\" content=\"https:\/\/ecole-des-grands.fr\/belleville\/trinquer\/\" \/>\n<meta property=\"og:site_name\" content=\"Ecole des Grands - Belleville\" \/>\n<meta property=\"article:publisher\" content=\"https:\/\/www.facebook.com\/profile.php?id=61573988055922\" \/>\n<meta property=\"article:modified_time\" content=\"2026-02-04T12:14:57+00:00\" \/>\n<meta property=\"og:image\" content=\"https:\/\/ecole-des-grands.fr\/belleville\/wp-content\/uploads\/sites\/8\/2026\/02\/ChatGPT-Image-4-nov.-2025-23_24_04-1024x683.png\" \/>\n\t<meta property=\"og:image:width\" content=\"1024\" \/>\n\t<meta property=\"og:image:height\" content=\"683\" \/>\n\t<meta property=\"og:image:type\" content=\"image\/png\" \/>\n<meta name=\"twitter:card\" content=\"summary_large_image\" \/>\n<meta name=\"twitter:label1\" content=\"Dur\u00e9e de lecture estim\u00e9e\" \/>\n\t<meta name=\"twitter:data1\" content=\"2 minutes\" \/>\n<script type=\"application\/ld+json\" class=\"yoast-schema-graph\">{\"@context\":\"https:\\\/\\\/schema.org\",\"@graph\":[{\"@type\":\"WebPage\",\"@id\":\"https:\\\/\\\/ecole-des-grands.fr\\\/belleville\\\/trinquer\\\/\",\"url\":\"https:\\\/\\\/ecole-des-grands.fr\\\/belleville\\\/trinquer\\\/\",\"name\":\"Trinquez \u00e0 Belleville ! - Ecole des Grands - Belleville\",\"isPartOf\":{\"@id\":\"https:\\\/\\\/ecole-des-grands.fr\\\/belleville\\\/#website\"},\"primaryImageOfPage\":{\"@id\":\"https:\\\/\\\/ecole-des-grands.fr\\\/belleville\\\/trinquer\\\/#primaryimage\"},\"image\":{\"@id\":\"https:\\\/\\\/ecole-des-grands.fr\\\/belleville\\\/trinquer\\\/#primaryimage\"},\"thumbnailUrl\":\"https:\\\/\\\/ecole-des-grands.fr\\\/belleville\\\/wp-content\\\/uploads\\\/sites\\\/8\\\/2026\\\/02\\\/ChatGPT-Image-4-nov.-2025-23_24_04.png\",\"datePublished\":\"2025-04-04T08:14:02+00:00\",\"dateModified\":\"2026-02-04T12:14:57+00:00\",\"description\":\"L\u2019\u00c9cole des Grands Belleville est un lieu de retrouvailles festives : cocktails maison, vins du Beaujolais et ambiance musicale d\u00e8s l\u2019ap\u00e9ro. Sant\u00e9 !\",\"breadcrumb\":{\"@id\":\"https:\\\/\\\/ecole-des-grands.fr\\\/belleville\\\/trinquer\\\/#breadcrumb\"},\"inLanguage\":\"fr-FR\",\"potentialAction\":[{\"@type\":\"ReadAction\",\"target\":[\"https:\\\/\\\/ecole-des-grands.fr\\\/belleville\\\/trinquer\\\/\"]}]},{\"@type\":\"ImageObject\",\"inLanguage\":\"fr-FR\",\"@id\":\"https:\\\/\\\/ecole-des-grands.fr\\\/belleville\\\/trinquer\\\/#primaryimage\",\"url\":\"https:\\\/\\\/ecole-des-grands.fr\\\/belleville\\\/wp-content\\\/uploads\\\/sites\\\/8\\\/2026\\\/02\\\/ChatGPT-Image-4-nov.-2025-23_24_04.png\",\"contentUrl\":\"https:\\\/\\\/ecole-des-grands.fr\\\/belleville\\\/wp-content\\\/uploads\\\/sites\\\/8\\\/2026\\\/02\\\/ChatGPT-Image-4-nov.-2025-23_24_04.png\",\"width\":1536,\"height\":1024},{\"@type\":\"BreadcrumbList\",\"@id\":\"https:\\\/\\\/ecole-des-grands.fr\\\/belleville\\\/trinquer\\\/#breadcrumb\",\"itemListElement\":[{\"@type\":\"ListItem\",\"position\":1,\"name\":\"Accueil\",\"item\":\"https:\\\/\\\/ecole-des-grands.fr\\\/belleville\\\/\"},{\"@type\":\"ListItem\",\"position\":2,\"name\":\"Trinquez \u00e0 Belleville !\"}]},{\"@type\":\"WebSite\",\"@id\":\"https:\\\/\\\/ecole-des-grands.fr\\\/belleville\\\/#website\",\"url\":\"https:\\\/\\\/ecole-des-grands.fr\\\/belleville\\\/\",\"name\":\"Ecole des Grands - Belleville\",\"description\":\"La plus belle \u00e9cole de  Belleville\",\"potentialAction\":[{\"@type\":\"SearchAction\",\"target\":{\"@type\":\"EntryPoint\",\"urlTemplate\":\"https:\\\/\\\/ecole-des-grands.fr\\\/belleville\\\/?s={search_term_string}\"},\"query-input\":{\"@type\":\"PropertyValueSpecification\",\"valueRequired\":true,\"valueName\":\"search_term_string\"}}],\"inLanguage\":\"fr-FR\"}]}<\/script>\n<!-- \/ Yoast SEO plugin. -->","yoast_head_json":{"title":"Trinquez \u00e0 Belleville ! - Ecole des Grands - Belleville","description":"L\u2019\u00c9cole des Grands Belleville est un lieu de retrouvailles festives : cocktails maison, vins du Beaujolais et ambiance musicale d\u00e8s l\u2019ap\u00e9ro. Sant\u00e9 !","robots":{"index":"index","follow":"follow","max-snippet":"max-snippet:-1","max-image-preview":"max-image-preview:large","max-video-preview":"max-video-preview:-1"},"canonical":"https:\/\/ecole-des-grands.fr\/belleville\/trinquer\/","og_locale":"fr_FR","og_type":"article","og_title":"Trinquez \u00e0 Belleville ! - Ecole des Grands - Belleville","og_description":"L\u2019\u00c9cole des Grands Belleville est un lieu de retrouvailles festives : cocktails maison, vins du Beaujolais et ambiance musicale d\u00e8s l\u2019ap\u00e9ro. Sant\u00e9 !","og_url":"https:\/\/ecole-des-grands.fr\/belleville\/trinquer\/","og_site_name":"Ecole des Grands - Belleville","article_publisher":"https:\/\/www.facebook.com\/profile.php?id=61573988055922","article_modified_time":"2026-02-04T12:14:57+00:00","og_image":[{"width":1024,"height":683,"url":"https:\/\/ecole-des-grands.fr\/belleville\/wp-content\/uploads\/sites\/8\/2026\/02\/ChatGPT-Image-4-nov.-2025-23_24_04-1024x683.png","type":"image\/png"}],"twitter_card":"summary_large_image","twitter_misc":{"Dur\u00e9e de lecture estim\u00e9e":"2 minutes"},"schema":{"@context":"https:\/\/schema.org","@graph":[{"@type":"WebPage","@id":"https:\/\/ecole-des-grands.fr\/belleville\/trinquer\/","url":"https:\/\/ecole-des-grands.fr\/belleville\/trinquer\/","name":"Trinquez \u00e0 Belleville ! - Ecole des Grands - Belleville","isPartOf":{"@id":"https:\/\/ecole-des-grands.fr\/belleville\/#website"},"primaryImageOfPage":{"@id":"https:\/\/ecole-des-grands.fr\/belleville\/trinquer\/#primaryimage"},"image":{"@id":"https:\/\/ecole-des-grands.fr\/belleville\/trinquer\/#primaryimage"},"thumbnailUrl":"https:\/\/ecole-des-grands.fr\/belleville\/wp-content\/uploads\/sites\/8\/2026\/02\/ChatGPT-Image-4-nov.-2025-23_24_04.png","datePublished":"2025-04-04T08:14:02+00:00","dateModified":"2026-02-04T12:14:57+00:00","description":"L\u2019\u00c9cole des Grands Belleville est un lieu de retrouvailles festives : cocktails maison, vins du Beaujolais et ambiance musicale d\u00e8s l\u2019ap\u00e9ro. Sant\u00e9 !","breadcrumb":{"@id":"https:\/\/ecole-des-grands.fr\/belleville\/trinquer\/#breadcrumb"},"inLanguage":"fr-FR","potentialAction":[{"@type":"ReadAction","target":["https:\/\/ecole-des-grands.fr\/belleville\/trinquer\/"]}]},{"@type":"ImageObject","inLanguage":"fr-FR","@id":"https:\/\/ecole-des-grands.fr\/belleville\/trinquer\/#primaryimage","url":"https:\/\/ecole-des-grands.fr\/belleville\/wp-content\/uploads\/sites\/8\/2026\/02\/ChatGPT-Image-4-nov.-2025-23_24_04.png","contentUrl":"https:\/\/ecole-des-grands.fr\/belleville\/wp-content\/uploads\/sites\/8\/2026\/02\/ChatGPT-Image-4-nov.-2025-23_24_04.png","width":1536,"height":1024},{"@type":"BreadcrumbList","@id":"https:\/\/ecole-des-grands.fr\/belleville\/trinquer\/#breadcrumb","itemListElement":[{"@type":"ListItem","position":1,"name":"Accueil","item":"https:\/\/ecole-des-grands.fr\/belleville\/"},{"@type":"ListItem","position":2,"name":"Trinquez \u00e0 Belleville !"}]},{"@type":"WebSite","@id":"https:\/\/ecole-des-grands.fr\/belleville\/#website","url":"https:\/\/ecole-des-grands.fr\/belleville\/","name":"Ecole des Grands - Belleville","description":"La plus belle \u00e9cole de  Belleville","potentialAction":[{"@type":"SearchAction","target":{"@type":"EntryPoint","urlTemplate":"https:\/\/ecole-des-grands.fr\/belleville\/?s={search_term_string}"},"query-input":{"@type":"PropertyValueSpecification","valueRequired":true,"valueName":"search_term_string"}}],"inLanguage":"fr-FR"}]}},"_links":{"self":[{"href":"https:\/\/ecole-des-grands.fr\/belleville\/wp-json\/wp\/v2\/pages\/22","targetHints":{"allow":["GET"]}}],"collection":[{"href":"https:\/\/ecole-des-grands.fr\/belleville\/wp-json\/wp\/v2\/pages"}],"about":[{"href":"https:\/\/ecole-des-grands.fr\/belleville\/wp-json\/wp\/v2\/types\/page"}],"author":[{"embeddable":true,"href":"https:\/\/ecole-des-grands.fr\/belleville\/wp-json\/wp\/v2\/users\/2"}],"replies":[{"embeddable":true,"href":"https:\/\/ecole-des-grands.fr\/belleville\/wp-json\/wp\/v2\/comments?post=22"}],"version-history":[{"count":24,"href":"https:\/\/ecole-des-grands.fr\/belleville\/wp-json\/wp\/v2\/pages\/22\/revisions"}],"predecessor-version":[{"id":1440,"href":"https:\/\/ecole-des-grands.fr\/belleville\/wp-json\/wp\/v2\/pages\/22\/revisions\/1440"}],"wp:featuredmedia":[{"embeddable":true,"href":"https:\/\/ecole-des-grands.fr\/belleville\/wp-json\/wp\/v2\/media\/1863"}],"wp:attachment":[{"href":"https:\/\/ecole-des-grands.fr\/belleville\/wp-json\/wp\/v2\/media?parent=22"}],"curies":[{"name":"wp","href":"https:\/\/api.w.org\/{rel}","templated":true}]}}