
{"id":4056,"date":"2025-12-02T14:31:13","date_gmt":"2025-12-02T13:31:13","guid":{"rendered":"https:\/\/ecole-des-grands.fr\/villefranche\/?page_id=4056"},"modified":"2025-12-03T18:08:59","modified_gmt":"2025-12-03T17:08:59","slug":"repas-de-noel","status":"publish","type":"page","link":"https:\/\/ecole-des-grands.fr\/villefranche\/repas-de-noel\/","title":{"rendered":"REPAS DE NOEL"},"content":{"rendered":"\n<figure class=\"wp-block-image size-large\"><img loading=\"lazy\" decoding=\"async\" width=\"1024\" height=\"538\" src=\"https:\/\/ecole-des-grands.fr\/villefranche\/wp-content\/uploads\/sites\/5\/2025\/12\/Noel-villefranche-1024x538.png\" alt=\"\" class=\"wp-image-4057\" srcset=\"https:\/\/ecole-des-grands.fr\/villefranche\/wp-content\/uploads\/sites\/5\/2025\/12\/Noel-villefranche-1024x538.png 1024w, https:\/\/ecole-des-grands.fr\/villefranche\/wp-content\/uploads\/sites\/5\/2025\/12\/Noel-villefranche-300x158.png 300w, https:\/\/ecole-des-grands.fr\/villefranche\/wp-content\/uploads\/sites\/5\/2025\/12\/Noel-villefranche-768x403.png 768w, https:\/\/ecole-des-grands.fr\/villefranche\/wp-content\/uploads\/sites\/5\/2025\/12\/Noel-villefranche-1536x806.png 1536w, https:\/\/ecole-des-grands.fr\/villefranche\/wp-content\/uploads\/sites\/5\/2025\/12\/Noel-villefranche-856x450.png 856w, https:\/\/ecole-des-grands.fr\/villefranche\/wp-content\/uploads\/sites\/5\/2025\/12\/Noel-villefranche-425x223.png 425w, https:\/\/ecole-des-grands.fr\/villefranche\/wp-content\/uploads\/sites\/5\/2025\/12\/Noel-villefranche-648x340.png 648w, https:\/\/ecole-des-grands.fr\/villefranche\/wp-content\/uploads\/sites\/5\/2025\/12\/Noel-villefranche-1427x750.png 1427w, https:\/\/ecole-des-grands.fr\/villefranche\/wp-content\/uploads\/sites\/5\/2025\/12\/Noel-villefranche.png 1600w\" sizes=\"auto, (max-width: 1024px) 100vw, 1024px\" \/><\/figure>\n\n\n\n<p>Un repas de noel \u00e0 la cantine du midi <\/p>\n\n\n\n<p>Au programme : Un moment convivial et gourmand<\/p>\n\n\n\n<p><\/p>\n\n\n\n<h2 class=\"wp-block-heading\">Au menu :<\/h2>\n\n\n\n<p><strong>ENTR\u00c9E AU CHOIX :<\/strong><\/p>\n\n\n\n<ul class=\"wp-block-list\">\n<li>Cappuccino de foie gras &amp; ravioles IGP<\/li>\n\n\n\n<li>Gravlax de saumon, blinis &amp; cr\u00e8me vodka\u2013aneth<\/li>\n<\/ul>\n\n\n\n<p><strong>PLAT AU CHOIX :<\/strong><\/p>\n\n\n\n<ul class=\"wp-block-list\">\n<li>Jambonnette de volaille farcie, sauce morilles, press\u00e9 de pommes de terre &amp; royale de butternut<\/li>\n\n\n\n<li>Gambas r\u00f4ties, bisque au whisky, risotto cr\u00e9meux &amp; royale de butternut<\/li>\n<\/ul>\n\n\n\n<p><strong>DESSERT AU CHOIX :<\/strong><\/p>\n\n\n\n<ul class=\"wp-block-list\">\n<li>Vacherin, meringue l\u00e9g\u00e8re, sorbet citron vert &amp; coulis fruits rouges<\/li>\n\n\n\n<li>Paris-Brest craquelin, c\u0153ur passion &amp; coulis exotique<\/li>\n<\/ul>\n\n\n\n<p><em>Les convives doivent communiquer leur choix de menu avant la date de la prestation. Menu Hors Boissons.<\/em><\/p>\n\n\n\n<hr class=\"wp-block-separator has-alpha-channel-opacity\"\/>\n\n\n\n<p><strong>ENTR\u00c9E + PLAT + DESSERT = 34\u20ac<\/strong><\/p>\n\n\n\n<p><strong>ENTR\u00c9E + PLAT = 24\u20ac<\/strong><\/p>\n\n\n\n<p><strong>PLAT + DESSERT = 24\u20ac<\/strong><\/p>\n\n\n\n<hr class=\"wp-block-separator has-alpha-channel-opacity\"\/>\n\n\n\n<h2 class=\"wp-block-heading\">Demande de r\u00e9servation &#8211; REPAS DE NOEL <\/h2>\n\n\n\n<p>(id\u00e9al pour les repas entre coll\u00e8gues, ou de groupe le midi)<\/p>\n\n\n<div class=\"frm_forms  with_frm_style frm_style_style-formidable\" id=\"frm_form_28_container\" data-token=\"7b617c732ab657dbe5c02ddd96de1b67\">\n<form enctype=\"multipart\/form-data\" method=\"post\" class=\"frm-show-form  frm_pro_form \" id=\"form_menu-de-noel2\" data-token=\"7b617c732ab657dbe5c02ddd96de1b67\">\n<div class=\"frm_form_fields \">\n<fieldset>\n<legend class=\"frm_screen_reader\">Menu de noel <\/legend>\r\n\r\n<div class=\"frm_fields_container\">\n<input type=\"hidden\" name=\"frm_action\" value=\"create\" \/>\n<input type=\"hidden\" name=\"form_id\" value=\"28\" \/>\n<input type=\"hidden\" name=\"frm_hide_fields_28\" id=\"frm_hide_fields_28\" value=\"\" \/>\n<input type=\"hidden\" name=\"form_key\" value=\"menu-de-noel2\" \/>\n<input type=\"hidden\" name=\"item_meta[0]\" value=\"\" \/>\n<input type=\"hidden\" id=\"frm_submit_entry_28\" name=\"frm_submit_entry_28\" value=\"5040a2820f\" \/><input type=\"hidden\" name=\"_wp_http_referer\" value=\"\/villefranche\/wp-json\/wp\/v2\/pages\/4056\" \/><div id=\"frm_field_570_container\" class=\"frm_form_field form-field  frm_required_field frm_top_container\">\r\n\t<div  id=\"field_jazb2_label\" class=\"frm_primary_label\">Coordonn\u00e9es\r\n\t\t<span class=\"frm_required\" aria-hidden=\"true\">*<\/span>\r\n\t<\/div>\r\n\t<fieldset aria-labelledby=\"field_jazb2_label\">\n\t<legend class=\"frm_screen_reader frm_hidden\">\n\t\tCoordonn\u00e9es\t<\/legend>\n\n\t<div  class=\"frm_combo_inputs_container\" id=\"frm_combo_inputs_container_570\" data-name-layout=\"first_last\">\n\t\t\t\t\t<div\n\t\t\t\tid=\"frm_field_570-first_container\"\n\t\t\t\tclass=\"frm_form_field form-field frm_form_subfield-first  frm6\"\n\t\t\t\tdata-sub-field-name=\"first\"\n\t\t\t>\n\t\t\t\t<label for=\"field_jazb2_first\" class=\"frm_screen_reader frm_hidden\">\n\t\t\t\t\tPr\u00e9nom\t\t\t\t<\/label>\n\n\t\t\t\t<input  type=\"text\" id=\"field_jazb2_first\" value=\"\" name=\"item_meta[570][first]\" autocomplete=\"given-name\" data-reqmsg=\"Coordonn\u00e9es cannot be blank.\" aria-required=\"true\" data-invmsg=\"Coordonn\u00e9es est non valide\" aria-invalid=\"false\"  \/><div class=\"frm_description\" id=\"frm_field_570_first_desc\">Pr\u00e9nom<\/div>\t\t\t<\/div>\n\t\t\t\t\t\t<div\n\t\t\t\tid=\"frm_field_570-last_container\"\n\t\t\t\tclass=\"frm_form_field form-field frm_form_subfield-last  frm6\"\n\t\t\t\tdata-sub-field-name=\"last\"\n\t\t\t>\n\t\t\t\t<label for=\"field_jazb2_last\" class=\"frm_screen_reader frm_hidden\">\n\t\t\t\t\tNom\t\t\t\t<\/label>\n\n\t\t\t\t<input  type=\"text\" id=\"field_jazb2_last\" value=\"\" name=\"item_meta[570][last]\" autocomplete=\"family-name\" data-reqmsg=\"Coordonn\u00e9es cannot be blank.\" aria-required=\"true\" data-invmsg=\"Coordonn\u00e9es est non valide\" aria-invalid=\"false\"  \/><div class=\"frm_description\" id=\"frm_field_570_last_desc\">Nom<\/div>\t\t\t<\/div>\n\t\t\t\t<\/div>\n<\/fieldset>\n\r\n\t\r\n\t\r\n<\/div>\n<div id=\"frm_field_571_container\" class=\"frm_form_field form-field  frm_required_field frm_top_container frm6 frm_first\">\r\n\t<label for=\"field_nn8v12\" id=\"field_nn8v12_label\" class=\"frm_primary_label\">T\u00e9l\u00e9phone\r\n\t\t<span class=\"frm_required\" aria-hidden=\"true\">*<\/span>\r\n\t<\/label>\r\n\t<input type=\"tel\" id=\"field_nn8v12\" name=\"item_meta[571]\" value=\"\"  data-reqmsg=\"T\u00e9l\u00e9phone cannot be blank.\" aria-required=\"true\" data-invmsg=\"T\u00e9l\u00e9phone est non valide\" aria-invalid=\"false\" pattern=\"((\\+\\d{1,3}(-|.| )?\\(?\\d\\)?(-| |.)?\\d{1,5})|(\\(?\\d{2,6}\\)?))(-|.| )?(\\d{3,4})(-|.| )?(\\d{4})(( x| ext)\\d{1,5}){0,1}$\"  \/>\r\n\t\r\n\t\r\n<\/div>\n<div id=\"frm_field_572_container\" class=\"frm_form_field form-field  frm_required_field frm_top_container frm6\">\r\n\t<label for=\"field_89kdx2\" id=\"field_89kdx2_label\" class=\"frm_primary_label\">E-mail\r\n\t\t<span class=\"frm_required\" aria-hidden=\"true\">*<\/span>\r\n\t<\/label>\r\n\t<input type=\"email\" id=\"field_89kdx2\" name=\"item_meta[572]\" value=\"\"  autocomplete=\"email\"  data-reqmsg=\"E-mail cannot be blank.\" aria-required=\"true\" data-invmsg=\"E-mail est non valide\" aria-invalid=\"false\"  \/>\r\n\t\r\n\t\r\n<\/div>\n<div id=\"frm_field_579_container\" class=\"frm_form_field form-field  frm_required_field frm_top_container frm6 frm_first vertical_radio\">\r\n\t<div  id=\"field_g1ial_label\" class=\"frm_primary_label\">Le midi du : \r\n\t\t<span class=\"frm_required\" aria-hidden=\"true\">*<\/span>\r\n\t<\/div>\r\n\t<div class=\"frm_opt_container\" aria-labelledby=\"field_g1ial_label\" role=\"radiogroup\" aria-required=\"true\">\t\t<div class=\"frm_radio\" id=\"frm_radio_579-0\">\t\t\t<label  for=\"field_g1ial-0\">\n\t\t\t\t\t<input type=\"radio\" name=\"item_meta[579]\" id=\"field_g1ial-0\" value=\"Jeudi 18 d\u00e9cembre\"\n\t\t data-reqmsg=\"Le midi du :  cannot be blank.\" data-invmsg=\"Le midi du :  est non valide\"   \/> Jeudi 18 d\u00e9cembre<\/label><\/div>\n\t\t<div class=\"frm_radio\" id=\"frm_radio_579-1\">\t\t\t<label  for=\"field_g1ial-1\">\n\t\t\t\t\t<input type=\"radio\" name=\"item_meta[579]\" id=\"field_g1ial-1\" value=\"Vendredi 19 d\u00e9cembre\"\n\t\t data-reqmsg=\"Le midi du :  cannot be blank.\" data-invmsg=\"Le midi du :  est non valide\"   \/> Vendredi 19 d\u00e9cembre<\/label><\/div>\n\t\t<div class=\"frm_radio\" id=\"frm_radio_579-3\">\t\t\t<label  for=\"field_g1ial-3\">\n\t\t\t\t\t<input type=\"radio\" name=\"item_meta[579]\" id=\"field_g1ial-3\" value=\"Lundi 22 d\u00e9cembre\"\n\t\t data-reqmsg=\"Le midi du :  cannot be blank.\" data-invmsg=\"Le midi du :  est non valide\"   \/> Lundi 22 d\u00e9cembre<\/label><\/div>\n\t\t<div class=\"frm_radio\" id=\"frm_radio_579-4\">\t\t\t<label  for=\"field_g1ial-4\">\n\t\t\t\t\t<input type=\"radio\" name=\"item_meta[579]\" id=\"field_g1ial-4\" value=\"Mardi 23 d\u00e9cembre\"\n\t\t data-reqmsg=\"Le midi du :  cannot be blank.\" data-invmsg=\"Le midi du :  est non valide\"   \/> Mardi 23 d\u00e9cembre<\/label><\/div>\n<\/div>\r\n\t\r\n\t\r\n<\/div>\n<div id=\"frm_field_573_container\" class=\"frm_form_field form-field  frm_required_field frm_top_container frm6\">\r\n\t<label for=\"field_6n8s62\" id=\"field_6n8s62_label\" class=\"frm_primary_label\">Nombre de personnes\r\n\t\t<span class=\"frm_required\" aria-hidden=\"true\">*<\/span>\r\n\t<\/label>\r\n\t<input type=\"number\" id=\"field_6n8s62\" name=\"item_meta[573]\" value=\"1\" data-frmproduct=\"[&quot;574&quot;]\"  data-frmval=\"1\" data-reqmsg=\"Nombre de personnes cannot be blank.\" aria-required=\"true\" data-invmsg=\"Nombre de personnes est non valide\" aria-invalid=\"false\" data-frmproduct=\"[&quot;574&quot;]\"   min=\"0\" max=\"9999999\" step=\"1\" \/>\r\n\t\r\n\t\r\n<\/div>\n<div id=\"frm_field_574_container\" class=\"frm_form_field form-field  frm_top_container\">\r\n\t<div  id=\"field_v31t82_label\" class=\"frm_primary_label\">Repas de noel (hors boisson)\r\n\t\t<span class=\"frm_required\" aria-hidden=\"true\"><\/span>\r\n\t<\/div>\r\n\t<div class=\"frm_data_container\" aria-labelledby=\"field_v31t82_label\" role=\"group\"><div class=\"frm_single_product_wrap\">\n\t\t\t<p class=\"frm_single_product_label\">\n\t\t\tPrix: 34,00 &#8364;<\/span>\n\t\t<\/p>\n\t\t\n\t<input type=\"hidden\" name=\"item_meta[574]\" id=\"field_v31t82\" value=\"Prix\" data-frmprice=\"34\"  data-frmval=\"Prix\" data-invmsg=\"Repas de noel (hors boisson) est non valide\" aria-invalid=\"false\"   \/>\n\t<\/div><\/div>\r\n\t<div class=\"frm_description\" id=\"frm_desc_field_v31t82\">ENTR\u00c9E AU CHOIX :<br>\r\n\u2714 Cappuccino de foie gras &#038; ravioles IGP<br>\r\n\u2714 Gravlax de saumon, blinis &#038; cr\u00e8me vodka\u2013aneth<br><br>\r\nPLAT AU CHOIX :<br>\r\n\u2714 Jambonnette de volaille farcie, sauce morilles, press\u00e9 de pommes de terre &#038; royale de butternut<br>\r\n\u2714 Gambas r\u00f4ties, bisque au whisky, risotto cr\u00e9meux &#038; royale de butternut<br><br>\r\nDESSERT AU CHOIX :<br>\r\n\u2714 Vacherin, meringue l\u00e9g\u00e8re, sorbet citron vert &#038; coulis fruits rouges<br>\r\n\u2714 Paris-Brest craquelin, c\u0153ur passion &#038; coulis exotique<br>\r\nLes convives doivent communiquer leur choix de menu avant la date de la prestation. Menu Hors Boissons. <br><br>ENTR\u00c9E + PLAT OU PLAT + DESSERT = 24\u20ac<br> Choix en commentaires<\/div>\r\n\t\r\n<\/div>\n<div id=\"frm_field_575_container\" class=\"frm_form_field form-field  frm_top_container\">\r\n    <div id=\"field_pep5i2_label\" class=\"frm_primary_label\">Total<\/div>\r\n    <p class=\"frm_total_formatted\"><\/p>\r\n    <input  type=\"hidden\" id=\"field_pep5i2\" name=\"item_meta[575]\" value=\"\"  data-frmtotal  data-invmsg=\"Total est non valide\" aria-invalid=\"false\" data-frmtotal   \/>\r\n    \r\n    \r\n<\/div>\n<div id=\"frm_field_576_container\" class=\"frm_form_field form-field  frm_required_field frm_top_container\">\r\n\t<label for=\"field_af5412\" id=\"field_af5412_label\" class=\"frm_primary_label\">Commentaires\r\n\t\t<span class=\"frm_required\" aria-hidden=\"true\">*<\/span>\r\n\t<\/label>\r\n\t<input  type=\"text\" id=\"field_af5412\" name=\"item_meta[576]\" value=\"3 menus \u00e0 34\u20ac + 2 menus \u00e0 24\u20ac \"  data-frmval=\"3 menus \u00e0 34\u20ac + 2 menus \u00e0 24\u20ac \" data-reqmsg=\"Commentaires cannot be blank.\" aria-required=\"true\" data-invmsg=\"Commentaires est non valide\" aria-invalid=\"false\"   aria-describedby=\"frm_desc_field_af5412\" \/>\r\n\t<div class=\"frm_description\" id=\"frm_desc_field_af5412\">Si vous avez d\u00e9j\u00e0 choisis le d\u00e9tail de votre menu, vous pouvez nous le renseigner ici en commentaire.\r\nVous pouvez choisir la formule entr\u00e9e + plat OU plat + dessert = 24\u20ac<\/div>\r\n\t\r\n<\/div>\n<div id=\"frm_field_577_container\" class=\"frm_form_field form-field \">\r\n\t<div class=\"frm_submit frm_flex\">\r\n<button class=\"frm_button_submit frm_final_submit\" type=\"submit\"   formnovalidate=\"formnovalidate\">Envoyer<\/button>\r\n\r\n\r\n\r\n<\/div>\r\n<\/div>\n\t<input type=\"hidden\" name=\"item_key\" value=\"\" \/>\n\t\t\t<div id=\"frm_field_589_container\">\n\t\t\t<label for=\"field_18lda\" >\n\t\t\t\tSi vous \u00eates un humain, ne remplissez pas ce champ.\t\t\t<\/label>\n\t\t\t<input  id=\"field_18lda\" type=\"text\" class=\"frm_form_field form-field frm_verify\" name=\"item_meta[589]\" value=\"\"  \/>\n\t\t<\/div>\n\t\t<input name=\"frm_state\" type=\"hidden\" value=\"pLMXPJ0lHBUSeOIlJKh++qOsiUKTmjRD7Q25Ct0CHPGqqSMzlVkqsd5WeH13KZ8y\" \/><\/div>\n<\/fieldset>\n<\/div>\n\n<\/form>\n<\/div>\n","protected":false},"excerpt":{"rendered":"","protected":false},"author":3,"featured_media":0,"parent":0,"menu_order":0,"comment_status":"closed","ping_status":"closed","template":"","meta":{"_acf_changed":false,"footnotes":""},"class_list":["post-4056","page","type-page","status-publish","hentry"],"acf":[],"yoast_head":"<!-- This site is optimized with the Yoast SEO plugin v27.5 - https:\/\/yoast.com\/product\/yoast-seo-wordpress\/ -->\n<title>REPAS DE NOEL - Ecole des Grands - Villefranche<\/title>\n<meta name=\"robots\" content=\"index, follow, max-snippet:-1, max-image-preview:large, max-video-preview:-1\" \/>\n<link rel=\"canonical\" href=\"https:\/\/ecole-des-grands.fr\/villefranche\/albums\/la-recre-du-samedi\/\" \/>\n<meta property=\"og:locale\" content=\"fr_FR\" \/>\n<meta property=\"og:type\" content=\"article\" \/>\n<meta property=\"og:title\" content=\"REPAS DE NOEL - Ecole des Grands - Villefranche\" \/>\n<meta property=\"og:url\" content=\"https:\/\/ecole-des-grands.fr\/villefranche\/albums\/la-recre-du-samedi\/\" \/>\n<meta property=\"og:site_name\" content=\"Ecole des Grands - Villefranche\" \/>\n<meta property=\"article:modified_time\" content=\"2025-12-03T17:08:59+00:00\" \/>\n<meta property=\"og:image\" content=\"https:\/\/ecole-des-grands.fr\/villefranche\/wp-content\/uploads\/sites\/5\/2025\/12\/Noel-villefranche-1024x538.png\" \/>\n<meta name=\"twitter:card\" content=\"summary_large_image\" \/>\n<meta name=\"twitter:label1\" content=\"Dur\u00e9e de lecture estim\u00e9e\" \/>\n\t<meta name=\"twitter:data1\" content=\"1 minute\" \/>\n<script type=\"application\/ld+json\" class=\"yoast-schema-graph\">{\"@context\":\"https:\\\/\\\/schema.org\",\"@graph\":[{\"@type\":\"WebPage\",\"@id\":\"https:\\\/\\\/ecole-des-grands.fr\\\/villefranche\\\/albums\\\/la-recre-du-samedi\\\/\",\"url\":\"https:\\\/\\\/ecole-des-grands.fr\\\/villefranche\\\/albums\\\/la-recre-du-samedi\\\/\",\"name\":\"REPAS DE NOEL - Ecole des Grands - Villefranche\",\"isPartOf\":{\"@id\":\"https:\\\/\\\/ecole-des-grands.fr\\\/villefranche\\\/#website\"},\"primaryImageOfPage\":{\"@id\":\"https:\\\/\\\/ecole-des-grands.fr\\\/villefranche\\\/albums\\\/la-recre-du-samedi\\\/#primaryimage\"},\"image\":{\"@id\":\"https:\\\/\\\/ecole-des-grands.fr\\\/villefranche\\\/albums\\\/la-recre-du-samedi\\\/#primaryimage\"},\"thumbnailUrl\":\"https:\\\/\\\/ecole-des-grands.fr\\\/villefranche\\\/wp-content\\\/uploads\\\/sites\\\/5\\\/2025\\\/12\\\/Noel-villefranche-1024x538.png\",\"datePublished\":\"2025-12-02T13:31:13+00:00\",\"dateModified\":\"2025-12-03T17:08:59+00:00\",\"breadcrumb\":{\"@id\":\"https:\\\/\\\/ecole-des-grands.fr\\\/villefranche\\\/albums\\\/la-recre-du-samedi\\\/#breadcrumb\"},\"inLanguage\":\"fr-FR\",\"potentialAction\":[{\"@type\":\"ReadAction\",\"target\":[\"https:\\\/\\\/ecole-des-grands.fr\\\/villefranche\\\/albums\\\/la-recre-du-samedi\\\/\"]}]},{\"@type\":\"ImageObject\",\"inLanguage\":\"fr-FR\",\"@id\":\"https:\\\/\\\/ecole-des-grands.fr\\\/villefranche\\\/albums\\\/la-recre-du-samedi\\\/#primaryimage\",\"url\":\"https:\\\/\\\/ecole-des-grands.fr\\\/villefranche\\\/wp-content\\\/uploads\\\/sites\\\/5\\\/2025\\\/12\\\/Noel-villefranche.png\",\"contentUrl\":\"https:\\\/\\\/ecole-des-grands.fr\\\/villefranche\\\/wp-content\\\/uploads\\\/sites\\\/5\\\/2025\\\/12\\\/Noel-villefranche.png\",\"width\":1600,\"height\":840},{\"@type\":\"BreadcrumbList\",\"@id\":\"https:\\\/\\\/ecole-des-grands.fr\\\/villefranche\\\/albums\\\/la-recre-du-samedi\\\/#breadcrumb\",\"itemListElement\":[{\"@type\":\"ListItem\",\"position\":1,\"name\":\"Accueil\",\"item\":\"https:\\\/\\\/ecole-des-grands.fr\\\/villefranche\\\/\"},{\"@type\":\"ListItem\",\"position\":2,\"name\":\"REPAS DE NOEL\"}]},{\"@type\":\"WebSite\",\"@id\":\"https:\\\/\\\/ecole-des-grands.fr\\\/villefranche\\\/#website\",\"url\":\"https:\\\/\\\/ecole-des-grands.fr\\\/villefranche\\\/\",\"name\":\"Ecole des Grands - Villefranche\",\"description\":\"La plus belle \u00e9cole de  Villefranche\",\"potentialAction\":[{\"@type\":\"SearchAction\",\"target\":{\"@type\":\"EntryPoint\",\"urlTemplate\":\"https:\\\/\\\/ecole-des-grands.fr\\\/villefranche\\\/?s={search_term_string}\"},\"query-input\":{\"@type\":\"PropertyValueSpecification\",\"valueRequired\":true,\"valueName\":\"search_term_string\"}}],\"inLanguage\":\"fr-FR\"}]}<\/script>\n<!-- \/ Yoast SEO plugin. -->","yoast_head_json":{"title":"REPAS DE NOEL - Ecole des Grands - Villefranche","robots":{"index":"index","follow":"follow","max-snippet":"max-snippet:-1","max-image-preview":"max-image-preview:large","max-video-preview":"max-video-preview:-1"},"canonical":"https:\/\/ecole-des-grands.fr\/villefranche\/albums\/la-recre-du-samedi\/","og_locale":"fr_FR","og_type":"article","og_title":"REPAS DE NOEL - Ecole des Grands - Villefranche","og_url":"https:\/\/ecole-des-grands.fr\/villefranche\/albums\/la-recre-du-samedi\/","og_site_name":"Ecole des Grands - Villefranche","article_modified_time":"2025-12-03T17:08:59+00:00","og_image":[{"url":"https:\/\/ecole-des-grands.fr\/villefranche\/wp-content\/uploads\/sites\/5\/2025\/12\/Noel-villefranche-1024x538.png","type":"","width":"","height":""}],"twitter_card":"summary_large_image","twitter_misc":{"Dur\u00e9e de lecture estim\u00e9e":"1 minute"},"schema":{"@context":"https:\/\/schema.org","@graph":[{"@type":"WebPage","@id":"https:\/\/ecole-des-grands.fr\/villefranche\/albums\/la-recre-du-samedi\/","url":"https:\/\/ecole-des-grands.fr\/villefranche\/albums\/la-recre-du-samedi\/","name":"REPAS DE NOEL - Ecole des Grands - Villefranche","isPartOf":{"@id":"https:\/\/ecole-des-grands.fr\/villefranche\/#website"},"primaryImageOfPage":{"@id":"https:\/\/ecole-des-grands.fr\/villefranche\/albums\/la-recre-du-samedi\/#primaryimage"},"image":{"@id":"https:\/\/ecole-des-grands.fr\/villefranche\/albums\/la-recre-du-samedi\/#primaryimage"},"thumbnailUrl":"https:\/\/ecole-des-grands.fr\/villefranche\/wp-content\/uploads\/sites\/5\/2025\/12\/Noel-villefranche-1024x538.png","datePublished":"2025-12-02T13:31:13+00:00","dateModified":"2025-12-03T17:08:59+00:00","breadcrumb":{"@id":"https:\/\/ecole-des-grands.fr\/villefranche\/albums\/la-recre-du-samedi\/#breadcrumb"},"inLanguage":"fr-FR","potentialAction":[{"@type":"ReadAction","target":["https:\/\/ecole-des-grands.fr\/villefranche\/albums\/la-recre-du-samedi\/"]}]},{"@type":"ImageObject","inLanguage":"fr-FR","@id":"https:\/\/ecole-des-grands.fr\/villefranche\/albums\/la-recre-du-samedi\/#primaryimage","url":"https:\/\/ecole-des-grands.fr\/villefranche\/wp-content\/uploads\/sites\/5\/2025\/12\/Noel-villefranche.png","contentUrl":"https:\/\/ecole-des-grands.fr\/villefranche\/wp-content\/uploads\/sites\/5\/2025\/12\/Noel-villefranche.png","width":1600,"height":840},{"@type":"BreadcrumbList","@id":"https:\/\/ecole-des-grands.fr\/villefranche\/albums\/la-recre-du-samedi\/#breadcrumb","itemListElement":[{"@type":"ListItem","position":1,"name":"Accueil","item":"https:\/\/ecole-des-grands.fr\/villefranche\/"},{"@type":"ListItem","position":2,"name":"REPAS DE NOEL"}]},{"@type":"WebSite","@id":"https:\/\/ecole-des-grands.fr\/villefranche\/#website","url":"https:\/\/ecole-des-grands.fr\/villefranche\/","name":"Ecole des Grands - Villefranche","description":"La plus belle \u00e9cole de  Villefranche","potentialAction":[{"@type":"SearchAction","target":{"@type":"EntryPoint","urlTemplate":"https:\/\/ecole-des-grands.fr\/villefranche\/?s={search_term_string}"},"query-input":{"@type":"PropertyValueSpecification","valueRequired":true,"valueName":"search_term_string"}}],"inLanguage":"fr-FR"}]}},"_links":{"self":[{"href":"https:\/\/ecole-des-grands.fr\/villefranche\/wp-json\/wp\/v2\/pages\/4056","targetHints":{"allow":["GET"]}}],"collection":[{"href":"https:\/\/ecole-des-grands.fr\/villefranche\/wp-json\/wp\/v2\/pages"}],"about":[{"href":"https:\/\/ecole-des-grands.fr\/villefranche\/wp-json\/wp\/v2\/types\/page"}],"author":[{"embeddable":true,"href":"https:\/\/ecole-des-grands.fr\/villefranche\/wp-json\/wp\/v2\/users\/3"}],"replies":[{"embeddable":true,"href":"https:\/\/ecole-des-grands.fr\/villefranche\/wp-json\/wp\/v2\/comments?post=4056"}],"version-history":[{"count":2,"href":"https:\/\/ecole-des-grands.fr\/villefranche\/wp-json\/wp\/v2\/pages\/4056\/revisions"}],"predecessor-version":[{"id":4116,"href":"https:\/\/ecole-des-grands.fr\/villefranche\/wp-json\/wp\/v2\/pages\/4056\/revisions\/4116"}],"wp:attachment":[{"href":"https:\/\/ecole-des-grands.fr\/villefranche\/wp-json\/wp\/v2\/media?parent=4056"}],"curies":[{"name":"wp","href":"https:\/\/api.w.org\/{rel}","templated":true}]}}